{"id":2858,"date":"2022-03-30T13:17:37","date_gmt":"2022-03-30T11:17:37","guid":{"rendered":"https:\/\/www.prodex-online.com\/les-cookies\/"},"modified":"2023-04-12T12:34:22","modified_gmt":"2023-04-12T10:34:22","slug":"les-cookies","status":"publish","type":"page","link":"https:\/\/www.prodex-online.com\/en\/les-cookies\/","title":{"rendered":"Les cookies"},"content":{"rendered":"<div class=\"fusion-fullwidth fullwidth-box fusion-builder-row-1 fusion-flex-container nonhundred-percent-fullwidth non-hundred-percent-height-scrolling\" style=\"--awb-border-radius-top-left:0px;--awb-border-radius-top-right:0px;--awb-border-radius-bottom-right:0px;--awb-border-radius-bottom-left:0px;--awb-flex-wrap:wrap;\" ><div class=\"fusion-builder-row fusion-row fusion-flex-align-items-flex-start fusion-flex-content-wrap\" style=\"max-width:1248px;margin-left: calc(-4% \/ 2 );margin-right: calc(-4% \/ 2 );\"><div class=\"fusion-layout-column fusion_builder_column fusion-builder-column-0 fusion_builder_column_1_1 1_1 fusion-flex-column\" style=\"--awb-bg-size:cover;--awb-width-large:100%;--awb-margin-top-large:0px;--awb-spacing-right-large:1.92%;--awb-margin-bottom-large:0px;--awb-spacing-left-large:1.92%;--awb-width-medium:100%;--awb-order-medium:0;--awb-spacing-right-medium:1.92%;--awb-spacing-left-medium:1.92%;--awb-width-small:100%;--awb-order-small:0;--awb-spacing-right-small:1.92%;--awb-spacing-left-small:1.92%;\"><div class=\"fusion-column-wrapper fusion-column-has-shadow fusion-flex-justify-content-flex-start fusion-content-layout-column\"><div class=\"fusion-text fusion-text-1 fusion-text-no-margin\" style=\"--awb-content-alignment:left;--awb-text-transform:none;--awb-margin-bottom:0px;\"><div>\n<p><b>Introduction<\/b><br \/>\nLors de votre navigation sur le site http:\/\/www.prodex-online.com, des cookies sont d\u00e9pos\u00e9s sur votre ordinateur, votre tablette ou votre smartphone. Notre site est con\u00e7u pour \u00eatre particuli\u00e8rement attentif aux besoins et attentes de nos clients. C&#8217;est entre autres pour cela que nous faisons usage de cookies. Cette page vous permettra de mieux comprendre le fonctionnement d&#8217;un cookie et comment utiliser les outils actuels afin de pouvoir les param\u00e9trer.<\/p>\n<p><b>Un cookie, c&#8217;est quoi ?<\/b><br \/>\nUn cookie est un petit fichier texte au format alphanum\u00e9rique d\u00e9pos\u00e9 sur le disque dur de l&#8217;internaute par le serveur du site visit\u00e9 ou par un serveur tiers (r\u00e9gie publicitaire, service de web analytique, etc.). On consid\u00e8re g\u00e9n\u00e9ralement qu&#8217;un cookie permet de reconnaitre un visiteur lorsqu&#8217;il revient sur un site web. Dans un ordinateur les cookies sont g\u00e9r\u00e9s par le navigateur internet.<\/p>\n<p><b>Les cookies de http:\/\/www.prodex-online.com<\/b><br \/>\nAfin de respecter votre vie priv\u00e9e, notre site internet, utilise un tr\u00e8s faible nombre de cookies. Ainsi, on peut r\u00e9pertorier :<br \/>\n&#8211; le cookie de SESSION : PHPSESSID qui est un cookie n\u00e9cessaire \u00e0 la navigation sur le site internet.<br \/>\n&#8211; le cookie de consultation : wordpress_test_cookie\u00a0qui est le cookie qui permet de savoir ce que vous pensez des cookies et comment ils doivent interagir avec votre navigateur internet.<\/p>\n<p><b>Les cookies analytics<br \/>\n<\/b>Il s&#8217;agit des cookies qui nous permettent d&#8217;optimiser les performances de notre site internet en am\u00e9liorant son fonctionnement. Par exemple :<br \/>\n&#8211; les pages les plus consult\u00e9es<br \/>\n&#8211; les recherches les plus tap\u00e9es<br \/>\n&#8211; les offres promotionnelles int\u00e9ressantes<br \/>\nIl s&#8217;agit principalement de cookies google analytics (_ga et gat).<\/p>\n<p><b>Les cookies sociaux<\/b><br \/>\nIl s&#8217;agit des cookies qui permettent \u00e0 nos visiteurs de partager sur leur profil du contenu provenant de notre site internet. Ils vous permettent ainsi d&#8217;aimer et de partager les produits, les articles ou les pages que vous appr\u00e9ciez.<\/p>\n<p><b>G\u00e9rer ses cookies<\/b><br \/>\nIl est possible de choisir la mani\u00e8re dont votre navigateur g\u00e8re ses cookies. Ainsi, il existe plusieurs possibilit\u00e9s :<br \/>\n&#8211; Pour commencer, vous pouvez d\u00e9sactiver l&#8217;utilisation compl\u00e8te des cookies.<br \/>\n&#8211; Ensuite, il est possible, dans votre navigateur, de lui permettre de vous signaler si des cookies sont d\u00e9pos\u00e9s dans votre ordinateur et vous demander de les accepter ou non.<br \/>\n&#8211; Pour finir, vous pouvez d\u00e9cider d&#8217;accepter ou de refuser les cookies au cas par cas pour chacun des cookies ou pour chacun des sites internet visit\u00e9s.<\/p>\n<p><b>Liens externes<br \/>\n<\/b>&#8211; Supprimer &amp; G\u00e9rer ses cookies sur Microsoft Internet Explorer : <a href=\"https:\/\/support.microsoft.com\/fr-fr\/help\/17442\/windows-internet-explorer-delete-manage-cookies\" target=\"_blank\" rel=\"noopener\">Suivre le lien<\/a>.<br \/>\n&#8211; Supprimer &amp; G\u00e9rer ses cookies sur Mozilla Firefox : <a href=\"https:\/\/support.mozilla.org\/fr\/kb\/activer-desactiver-cookies\" target=\"_blank\" rel=\"noopener noreferrer\">Suivre le lien<\/a>.<br \/>\n&#8211; Supprimer &amp; G\u00e9rer ses cookies sur Google Chrome : <a href=\"https:\/\/support.google.com\/accounts\/answer\/61416?hl=fr\" target=\"_blank\" rel=\"noopener noreferrer\">Suivre le lien<\/a>.<br \/>\n&#8211; Supprimer &amp; G\u00e9rer ses cookies sur Safari : <a href=\"https:\/\/support.apple.com\/kb\/PH19214?locale=fr_FR&amp;viewlocale=fr_FR\" target=\"_blank\" rel=\"noopener noreferrer\">Suivre le lien<\/a>.<br \/>\n&#8211; Supprimer &amp; G\u00e9rer ses cookies sur Microsoft Edge : <a title=\"Suivre le lien.\" href=\"https:\/\/support.microsoft.com\/fr-fr\/microsoft-edge\/supprimer-les-cookies-dans-microsoft-edge-63947406-40ac-c3b8-57b9-2a946a29ae09\" target=\"_blank\" rel=\"noopener\"> Suivre le lien<\/a>.<\/p>\n<p><b>Revoir vos pr\u00e9f\u00e9rences<\/b><br \/>\nVous souhaitez modifier vos choix concernant l&#8217;utilisation des cookies sur www.prodex-online.com ? Il vous suffit de cliquer ici : \u00a0<a class=\"gerer_tarteaucitron\" title=\"G\u00e9rer mes cookies\" href=\"#\">G\u00e9rer mes cookies<\/a>.<\/p>\n<\/div>\n<\/div><\/div><\/div><\/div><\/div>\n","protected":false},"excerpt":{"rendered":"","protected":false},"author":1,"featured_media":0,"parent":0,"menu_order":0,"comment_status":"closed","ping_status":"closed","template":"","meta":{"_acf_changed":false,"footnotes":""},"class_list":["post-2858","page","type-page","status-publish","hentry"],"acf":[],"_links":{"self":[{"href":"https:\/\/www.prodex-online.com\/en\/wp-json\/wp\/v2\/pages\/2858","targetHints":{"allow":["GET"]}}],"collection":[{"href":"https:\/\/www.prodex-online.com\/en\/wp-json\/wp\/v2\/pages"}],"about":[{"href":"https:\/\/www.prodex-online.com\/en\/wp-json\/wp\/v2\/types\/page"}],"author":[{"embeddable":true,"href":"https:\/\/www.prodex-online.com\/en\/wp-json\/wp\/v2\/users\/1"}],"replies":[{"embeddable":true,"href":"https:\/\/www.prodex-online.com\/en\/wp-json\/wp\/v2\/comments?post=2858"}],"version-history":[{"count":0,"href":"https:\/\/www.prodex-online.com\/en\/wp-json\/wp\/v2\/pages\/2858\/revisions"}],"wp:attachment":[{"href":"https:\/\/www.prodex-online.com\/en\/wp-json\/wp\/v2\/media?parent=2858"}],"curies":[{"name":"wp","href":"https:\/\/api.w.org\/{rel}","templated":true}]}}